{"id":534,"date":"2023-11-09T23:27:02","date_gmt":"2023-11-09T22:27:02","guid":{"rendered":"https:\/\/2023.deftron.de\/?page_id=534"},"modified":"2026-03-30T10:56:42","modified_gmt":"2026-03-30T08:56:42","slug":"datenschutz","status":"publish","type":"page","link":"https:\/\/www.deftron.de\/en\/datenschutz\/","title":{"rendered":"Datenschutzerkl\u00e4rung"},"content":{"rendered":"<div data-elementor-type=\"wp-page\" data-elementor-id=\"534\" class=\"elementor elementor-534\" data-elementor-post-type=\"page\">\n\t\t\t\t\t\t<section class=\"elementor-section elementor-top-section elementor-element elementor-element-39f6eeb9 elementor-section-height-min-height elementor-section-boxed elementor-section-height-default elementor-section-items-middle\" data-id=\"39f6eeb9\" data-element_type=\"section\" data-settings=\"{&quot;background_background&quot;:&quot;classic&quot;}\">\n\t\t\t\t\t\t\t<div class=\"elementor-background-overlay\"><\/div>\n\t\t\t\t\t\t\t<div class=\"elementor-container elementor-column-gap-default\">\n\t\t\t\t\t<div class=\"elementor-column elementor-col-100 elementor-top-column elementor-element elementor-element-1f2540b0\" data-id=\"1f2540b0\" data-element_type=\"column\" data-settings=\"{&quot;background_background&quot;:&quot;classic&quot;}\">\n\t\t\t<div class=\"elementor-widget-wrap\">\n\t\t\t\t\t\t\t<\/div>\n\t\t<\/div>\n\t\t\t\t\t<\/div>\n\t\t<\/section>\n\t\t\t\t<section class=\"elementor-section elementor-top-section elementor-element elementor-element-17c415bd elementor-section-height-min-height elementor-section-items-stretch elementor-section-boxed elementor-section-height-default\" data-id=\"17c415bd\" data-element_type=\"section\">\n\t\t\t\t\t\t<div class=\"elementor-container elementor-column-gap-default\">\n\t\t\t\t\t<div class=\"elementor-column elementor-col-100 elementor-top-column elementor-element elementor-element-6a95dcb5\" data-id=\"6a95dcb5\" data-element_type=\"column\" data-settings=\"{&quot;background_background&quot;:&quot;classic&quot;}\">\n\t\t\t<div class=\"elementor-widget-wrap elementor-element-populated\">\n\t\t\t\t\t\t<div class=\"elementor-element elementor-element-a1f58a3 elementor-widget elementor-widget-heading\" data-id=\"a1f58a3\" data-element_type=\"widget\" data-widget_type=\"heading.default\">\n\t\t\t\t<div class=\"elementor-widget-container\">\n\t\t\t\t\t<h1 class=\"elementor-heading-title elementor-size-default\">Datenschutzerkl\u00e4rung<\/h1>\t\t\t\t<\/div>\n\t\t\t\t<\/div>\n\t\t\t\t\t<\/div>\n\t\t<\/div>\n\t\t\t\t\t<\/div>\n\t\t<\/section>\n\t\t\t\t<section class=\"elementor-section elementor-top-section elementor-element elementor-element-96d330 elementor-section-boxed elementor-section-height-default elementor-section-height-default\" data-id=\"96d330\" data-element_type=\"section\">\n\t\t\t\t\t\t<div class=\"elementor-container elementor-column-gap-default\">\n\t\t\t\t\t<div class=\"elementor-column elementor-col-100 elementor-top-column elementor-element elementor-element-c33ee4a\" data-id=\"c33ee4a\" data-element_type=\"column\">\n\t\t\t<div class=\"elementor-widget-wrap elementor-element-populated\">\n\t\t\t\t\t\t<div class=\"elementor-element elementor-element-9b0c115 elementor-widget elementor-widget-text-editor\" data-id=\"9b0c115\" data-element_type=\"widget\" data-widget_type=\"text-editor.default\">\n\t\t\t\t<div class=\"elementor-widget-container\">\n\t\t\t\t\t\t\t\t\t<h1 style=\"box-sizing: inherit; font-size: 3.35714rem; margin: 0px 0px 3.42857rem; font-family: HeaderFont, 'Helvetica Neue', Helvetica, Roboto, Arial, sans-serif; text-rendering: optimizelegibility; font-weight: bold; letter-spacing: -0.03571rem; line-height: 1.25; color: #25282a;\">Datenschutzerkl\u00e4rung Schwa-Medico Medizinische Apparate Vertriebsgesellschaft mbH<\/h1>\n<p style=\"box-sizing: inherit; font-size: 17.9999px; text-rendering: optimizelegibility; line-height: 1.47; margin-bottom: 1.42857rem; margin-top: 0px; color: #25282a; font-family: BodyFont, 'gilroy\/gilroy-medium', 'Helvetica Neue', Helvetica, Roboto, Arial, sans-serif;\">Der Datenschutz ist uns wichtig und wir legen gro\u00dfen Wert auf den Schutz Ihrer Daten und die Wahrung Ihrer Privatsph\u00e4re. Nachfolgend m\u00f6chten wir Ihnen darstellen welche Daten wir wann, zu welchem Zweck und auf welcher Rechtsgrundlage verarbeiten.<\/p>\n<p style=\"box-sizing: inherit; font-size: 17.9999px; text-rendering: optimizelegibility; line-height: 1.47; margin-bottom: 1.42857rem; margin-top: 0px; color: #25282a; font-family: BodyFont, 'gilroy\/gilroy-medium', 'Helvetica Neue', Helvetica, Roboto, Arial, sans-serif;\">Entsprechend unseren Informationspflichten nach der Datenschutz-Grundverordnung (DS-GVO), dem Bundesdatenschutzgesetz (BDSG) und dem Telemediengesetz (TMG) soll Ihnen dies ein m\u00f6glichst gutes Verst\u00e4ndnis von der Funktion unserer angebotenen Dienste geben, und wie hierbei der Schutz Ihrer personenbezogenen Daten gew\u00e4hrleistet wird.<\/p>\n<hr style=\"box-sizing: content-box; border-right: 0px; border-bottom: 0px; border-left: 0px; border-image: initial; border-top-color: #f1b434; margin: 4.28571rem auto; color: #25282a; font-family: BodyFont, 'gilroy\/gilroy-medium', 'Helvetica Neue', Helvetica, Roboto, Arial, sans-serif; font-size: 17.9999px; background-color: #ffffff;\">\n<h2 style=\"box-sizing: inherit; font-family: HeaderFont, 'Helvetica Neue', Helvetica, Roboto, Arial, sans-serif; text-rendering: optimizelegibility; margin-top: 0px; letter-spacing: -0.01786rem; margin-bottom: 1.42857rem; word-break: break-word; hyphens: auto; font-size: 3.35714rem; line-height: 1.28457; color: #25282a;\">1. Verantwortlicher<\/h2>\n<p style=\"box-sizing: inherit; font-size: 17.9999px; text-rendering: optimizelegibility; line-height: 1.47; margin-bottom: 1.42857rem; margin-top: 0px; color: #25282a; font-family: BodyFont, 'gilroy\/gilroy-medium', 'Helvetica Neue', Helvetica, Roboto, Arial, sans-serif;\">Verantwortlicher im Sinne des Art. 4 Ziff. 7 DS-GVO f\u00fcr die Verarbeitung personenbezogener Daten ist:<\/p>\n<p><strong>DEFtron electronic GmbH<\/strong><br>Philipp-Reis-Stra\u00dfe 5<br>35321 Laubach, Germany<\/p>\n<p>Gesch\u00e4ftsf\u00fchrer: Ralph Freytag, Andreas Hubert<\/p>\n<p>Telefon: +49-6405-505800<br>E-Mail: info@deftron.de<\/p>\n<hr style=\"box-sizing: content-box; border-right: 0px; border-bottom: 0px; border-left: 0px; border-image: initial; border-top-color: #f1b434; margin: 4.28571rem auto; color: #25282a; font-family: BodyFont, 'gilroy\/gilroy-medium', 'Helvetica Neue', Helvetica, Roboto, Arial, sans-serif; font-size: 17.9999px; background-color: #ffffff;\">\n<h2 style=\"box-sizing: inherit; font-family: HeaderFont, 'Helvetica Neue', Helvetica, Roboto, Arial, sans-serif; text-rendering: optimizelegibility; margin-top: 0px; letter-spacing: -0.01786rem; margin-bottom: 1.42857rem; word-break: break-word; hyphens: auto; font-size: 3.35714rem; line-height: 1.28457; color: #25282a;\">2. Ansprechpartner f\u00fcr Datenschutz<\/h2>\n<p style=\"box-sizing: inherit; font-size: 17.9999px; text-rendering: optimizelegibility; line-height: 1.47; margin-bottom: 1.42857rem; margin-top: 0px; color: #25282a; font-family: BodyFont, 'gilroy\/gilroy-medium', 'Helvetica Neue', Helvetica, Roboto, Arial, sans-serif;\">Bei Fragen zur Verarbeitung Ihrer personenbezogenen Daten, sowie zu Ihren Rechten rund um den Datenschutz, wenden Sie sich bitte an:<\/p>\n<p style=\"box-sizing: inherit; font-size: 17.9999px; text-rendering: optimizelegibility; line-height: 1.47; margin-bottom: 1.42857rem; margin-top: 0px; color: #25282a; font-family: BodyFont, 'gilroy\/gilroy-medium', 'Helvetica Neue', Helvetica, Roboto, Arial, sans-serif;\">Schwa-Medico Medizinische Apparate Vertriebsgesellschaft mbH<br style=\"box-sizing: inherit;\">&#8211; Rechtsabteilung und Datenschutz &#8211;<br style=\"box-sizing: inherit;\">Wetzlarer Stra\u00dfe 41-43<br style=\"box-sizing: inherit;\">35630 Ehringshausen<br style=\"box-sizing: inherit;\">Deutschland<\/p>\n<p style=\"box-sizing: inherit; font-size: 17.9999px; text-rendering: optimizelegibility; line-height: 1.47; margin-bottom: 1.42857rem; margin-top: 0px; color: #25282a; font-family: BodyFont, 'gilroy\/gilroy-medium', 'Helvetica Neue', Helvetica, Roboto, Arial, sans-serif;\">Sie erreichen unseren Datenschutzbeauftragten unter:<\/p>\n<p style=\"box-sizing: inherit; font-size: 17.9999px; text-rendering: optimizelegibility; line-height: 1.47; margin-bottom: 1.42857rem; margin-top: 0px; color: #25282a; font-family: BodyFont, 'gilroy\/gilroy-medium', 'Helvetica Neue', Helvetica, Roboto, Arial, sans-serif;\">E-Mail:&nbsp;<a class=\"spamspan\" style=\"box-sizing: inherit; color: #f1b434;\" href=\"mailto:DSB-pism-medical@intersoft-consulting.de\">DSB-pism-medical@intersoft-consulting.de<\/a><\/p>\n<hr style=\"box-sizing: content-box; border-right: 0px; border-bottom: 0px; border-left: 0px; border-image: initial; border-top-color: #f1b434; margin: 4.28571rem auto; color: #25282a; font-family: BodyFont, 'gilroy\/gilroy-medium', 'Helvetica Neue', Helvetica, Roboto, Arial, sans-serif; font-size: 17.9999px; background-color: #ffffff;\">\n<h2 style=\"box-sizing: inherit; font-family: HeaderFont, 'Helvetica Neue', Helvetica, Roboto, Arial, sans-serif; text-rendering: optimizelegibility; margin-top: 0px; letter-spacing: -0.01786rem; margin-bottom: 1.42857rem; word-break: break-word; hyphens: auto; font-size: 3.35714rem; line-height: 1.28457; color: #25282a;\">3. Was personenbezogene Daten sind<\/h2>\n<p style=\"box-sizing: inherit; font-size: 17.9999px; text-rendering: optimizelegibility; line-height: 1.47; margin-bottom: 1.42857rem; margin-top: 0px; color: #25282a; font-family: BodyFont, 'gilroy\/gilroy-medium', 'Helvetica Neue', Helvetica, Roboto, Arial, sans-serif;\">Personenbezogene Daten sind gem\u00e4\u00df Art. 4 Ziff. 1 DS-GVO alle Informationen, die sich auf eine identifizierte oder identifizierbare nat\u00fcrliche Person beziehen. Als identifizierbar wird eine nat\u00fcrliche Person angesehen, die direkt oder indirekt identifiziert werden kann, insbesondere mittels Zuordnung zu einer Kennung wie einem Namen, einer Kundennummer, zu Standortdaten, einer Online-Kennung oder anderen Merkmalen.<\/p>\n<p style=\"box-sizing: inherit; font-size: 17.9999px; text-rendering: optimizelegibility; line-height: 1.47; margin-bottom: 1.42857rem; margin-top: 0px; color: #25282a; font-family: BodyFont, 'gilroy\/gilroy-medium', 'Helvetica Neue', Helvetica, Roboto, Arial, sans-serif;\">In der DS-GVO werden diese als \u201cbetroffene Person\u201d bezeichnet. Weitere Informationen hierzu finden Sie u.a. in Art. 4 Ziff. 1 DS-GVO.<\/p>\n<hr style=\"box-sizing: content-box; border-right: 0px; border-bottom: 0px; border-left: 0px; border-image: initial; border-top-color: #f1b434; margin: 4.28571rem auto; color: #25282a; font-family: BodyFont, 'gilroy\/gilroy-medium', 'Helvetica Neue', Helvetica, Roboto, Arial, sans-serif; font-size: 17.9999px; background-color: #ffffff;\">\n<h2 style=\"box-sizing: inherit; font-family: HeaderFont, 'Helvetica Neue', Helvetica, Roboto, Arial, sans-serif; text-rendering: optimizelegibility; margin-top: 0px; letter-spacing: -0.01786rem; margin-bottom: 1.42857rem; word-break: break-word; hyphens: auto; font-size: 3.35714rem; line-height: 1.28457; color: #25282a;\">4. Daten beim Besuch dieser Seite<\/h2>\n<h3 style=\"box-sizing: inherit; font-family: HeaderFont, 'Helvetica Neue', Helvetica, Roboto, Arial, sans-serif; text-rendering: optimizelegibility; margin-top: 0px; letter-spacing: -0.00357rem; margin-bottom: 0.35714rem; font-size: 1.42857rem; line-height: 1.09375; color: #25282a;\">4.1 Hosting und Logfiles<\/h3>\n<p style=\"box-sizing: inherit; font-size: 17.9999px; text-rendering: optimizelegibility; line-height: 1.47; margin-bottom: 1.42857rem; margin-top: 0px; color: #25282a; font-family: BodyFont, 'gilroy\/gilroy-medium', 'Helvetica Neue', Helvetica, Roboto, Arial, sans-serif;\">Beim Aufrufen unserer Website erfasst unser Webserver automatisiert Daten und Informationen vom System Ihres Ger\u00e4ts und speichert diese in Server-Logfiles. Diese Daten werden automatisch durch Ihren jeweiligen Browser beim Aufruf unserer Webseite \u00fcbertragen:<\/p>\n<ul style=\"box-sizing: inherit; padding-left: 0px; margin-top: 0px; margin-bottom: 1.42857rem; color: #25282a; font-family: BodyFont, 'gilroy\/gilroy-medium', 'Helvetica Neue', Helvetica, Roboto, Arial, sans-serif; font-size: 17.9999px; background-color: #ffffff;\">\n<li style=\"box-sizing: inherit; margin: 0.71429rem 0px; padding-left: 0.85714rem; list-style: none;\">Zeitstempel vom Aufruf der Seite durch Anfrage an den Webserver<\/li>\n<li style=\"box-sizing: inherit; margin: 0.71429rem 0px; padding-left: 0.85714rem; list-style: none;\">URL der aufgerufenen Webseite<\/li>\n<li style=\"box-sizing: inherit; margin: 0.71429rem 0px; padding-left: 0.85714rem; list-style: none;\">Typ und Version des von Ihnen genutzten Browsers<\/li>\n<li style=\"box-sizing: inherit; margin: 0.71429rem 0px; padding-left: 0.85714rem; list-style: none;\">das von Ihrem Browser an uns \u00fcbermittelte Betriebssystem<\/li>\n<li style=\"box-sizing: inherit; margin: 0.71429rem 0px; padding-left: 0.85714rem; list-style: none;\">IP-Adresse Ihres Computers maskiert, d.h. das letzte Oktett wird genullt.<\/li>\n<li style=\"box-sizing: inherit; margin: 0.71429rem 0px; padding-left: 0.85714rem; list-style: none;\">Zweck dieser Verarbeitung ist die Abrufbarkeit unserer Seite von Ihrem verwendeten Ger\u00e4t und die Erm\u00f6glichung einer m\u00f6glichst optimalen Darstellung durch Anpassung. Des Weiteren nutzen wir diese Daten zur Webseiten-Optimierung und zur Sicherstellung des Systemsicherheit. Eine Auswertung dieser Daten zu Marketingzwecken findet nicht statt.<\/li>\n<\/ul>\n<p style=\"box-sizing: inherit; font-size: 17.9999px; text-rendering: optimizelegibility; line-height: 1.47; margin-bottom: 1.42857rem; margin-top: 0px; color: #25282a; font-family: BodyFont, 'gilroy\/gilroy-medium', 'Helvetica Neue', Helvetica, Roboto, Arial, sans-serif;\">Rechtsgrundlage f\u00fcr die Verarbeitung ist Art. 6 Abs. 1 lit. f) DS-GVO. Wir haben ein berechtigtes Interesse daran, Ihnen eine f\u00fcr Ihren Browser optimierte Webseite zu pr\u00e4sentieren und Ihnen eine Kommunikation zwischen unserem Server und Ihrem Endger\u00e4t zu erm\u00f6glichen. F\u00fcr letzteres ist insbesondere die Verarbeitung Ihrer IP-Adresse notwendig.<\/p>\n<p style=\"box-sizing: inherit; font-size: 17.9999px; text-rendering: optimizelegibility; line-height: 1.47; margin-bottom: 1.42857rem; margin-top: 0px; color: #25282a; font-family: BodyFont, 'gilroy\/gilroy-medium', 'Helvetica Neue', Helvetica, Roboto, Arial, sans-serif;\">Die Daten werden 10 Tage gespeichert, \u00e4ltere Logs werden automatisch \u00fcberschrieben.<br style=\"box-sizing: inherit;\">Empf\u00e4nger der Daten ist unser Server-Host, der im Rahmen einer Auftragsdatenvereinbarung f\u00fcr uns t\u00e4tig ist:<\/p>\n<p style=\"box-sizing: inherit; font-size: 17.9999px; text-rendering: optimizelegibility; line-height: 1.47; margin-bottom: 1.42857rem; margin-top: 0px; color: #25282a; font-family: BodyFont, 'gilroy\/gilroy-medium', 'Helvetica Neue', Helvetica, Roboto, Arial, sans-serif;\"><span style=\"box-sizing: inherit; font-weight: bolder;\">Platform.sh GmbH<\/span><br style=\"box-sizing: inherit;\">Marienstr. 90<br style=\"box-sizing: inherit;\">50825 K\u00f6ln<br style=\"box-sizing: inherit;\">Deutschland<\/p>\n<p style=\"box-sizing: inherit; font-size: 17.9999px; text-rendering: optimizelegibility; line-height: 1.47; margin-bottom: 1.42857rem; margin-top: 0px; color: #25282a; font-family: BodyFont, 'gilroy\/gilroy-medium', 'Helvetica Neue', Helvetica, Roboto, Arial, sans-serif;\">Weitere Informationen zum Datenschutz bei Platform.sh finden Sie unter&nbsp;<a style=\"box-sizing: inherit; color: #f1b434;\" href=\"https:\/\/platform.sh\/privacy-policy\/\" target=\"_blank\" rel=\"noopener\">https:\/\/platform.sh\/privacy-policy\/<\/a>. Ihnen steht ein Widerspruchsrecht zu. Dieses k\u00f6nnen Sie unter den f\u00fcr unser Unternehmen angegebenen Kontaktdaten geltend machen.<\/p>\n<h3 style=\"box-sizing: inherit; font-family: HeaderFont, 'Helvetica Neue', Helvetica, Roboto, Arial, sans-serif; text-rendering: optimizelegibility; margin-top: 0px; letter-spacing: -0.00357rem; margin-bottom: 0.35714rem; font-size: 1.42857rem; line-height: 1.09375; padding-top: 1.42857rem; color: #25282a;\"><span style=\"box-sizing: inherit; font-weight: bolder;\">4.2 Content Delivery Network (CDN)<\/span><\/h3>\n<p style=\"box-sizing: inherit; font-size: 17.9999px; text-rendering: optimizelegibility; line-height: 1.47; margin-bottom: 1.42857rem; margin-top: 0px; color: #25282a; font-family: BodyFont, 'gilroy\/gilroy-medium', 'Helvetica Neue', Helvetica, Roboto, Arial, sans-serif;\">Zur bestm\u00f6glichen Bereitstellung dieser Seite nutzen wir den CDN-Dienst Fastly. Fastly betreibt weltweit Server zur Verteilung von Traffic, welches eine schnelle und sichere Bereitstellung dieser Website erm\u00f6glicht (Content Delivery Network). Dieses ist via DNS mit unserem Webhoster verkn\u00fcpft. Technisch wird dabei der Informationsfluss zwischen Ihrem Browser und unserer Website \u00fcber das Netzwerk von Fastly geleitet. Dies erm\u00f6glicht \u00fcber die Analyse des Traffics eine schnelle Bereitstellung der Seite und die Filterung b\u00f6sartigen Traffics. Dabei setzt Fastly Cookies oder sonstige Technologien zur Wiedererkennung von Internetnutzern ein. Ein Einsatz \u00fcber den beschriebenen Zweck findet nicht statt.<\/p>\n<p style=\"box-sizing: inherit; font-size: 17.9999px; text-rendering: optimizelegibility; line-height: 1.47; margin-bottom: 1.42857rem; margin-top: 0px; color: #25282a; font-family: BodyFont, 'gilroy\/gilroy-medium', 'Helvetica Neue', Helvetica, Roboto, Arial, sans-serif;\">Rechtsgrundlage f\u00fcr die Verarbeitung ist Art. 6 Abs. 1 lit. f) DS-GVO. Wir haben ein berechtigtes Interesse an einer m\u00f6glichst schnellen, fehlerfreien und sicheren Bereitstellung unserer Website.<\/p>\n<p style=\"box-sizing: inherit; font-size: 17.9999px; text-rendering: optimizelegibility; line-height: 1.47; margin-bottom: 1.42857rem; margin-top: 0px; color: #25282a; font-family: BodyFont, 'gilroy\/gilroy-medium', 'Helvetica Neue', Helvetica, Roboto, Arial, sans-serif;\">Empf\u00e4nger der Daten ist der Betreiber des CDN, der im Rahmen einer Auftragsdatenvereinbarung f\u00fcr uns t\u00e4tig ist:<\/p>\n<p style=\"box-sizing: inherit; font-size: 17.9999px; text-rendering: optimizelegibility; line-height: 1.47; margin-bottom: 1.42857rem; margin-top: 0px; color: #25282a; font-family: BodyFont, 'gilroy\/gilroy-medium', 'Helvetica Neue', Helvetica, Roboto, Arial, sans-serif;\"><span style=\"box-sizing: inherit; font-weight: bolder;\">Fastly, Inc.<\/span><br style=\"box-sizing: inherit;\">475 Brannan St. #300<br style=\"box-sizing: inherit;\">San Francisco, CA 94107<br style=\"box-sizing: inherit;\">USA<\/p>\n<p style=\"box-sizing: inherit; font-size: 17.9999px; text-rendering: optimizelegibility; line-height: 1.47; margin-bottom: 1.42857rem; margin-top: 0px; color: #25282a; font-family: BodyFont, 'gilroy\/gilroy-medium', 'Helvetica Neue', Helvetica, Roboto, Arial, sans-serif;\">Fastly, Inc. ist EU-U.S. DPF&nbsp;zertifiziert. Weitere Informationen zum Thema Sicherheit und Datenschutz bei Fastly finden Sie hier:&nbsp;<a style=\"box-sizing: inherit; color: #f1b434;\" href=\"https:\/\/www.fastly.com\/privacy\" target=\"_blank\" rel=\"noopener\">https:\/\/www.fastly.com\/privacy<\/a><br style=\"box-sizing: inherit;\">Ihnen steht ein Widerspruchsrecht zu. Dieses k\u00f6nnen Sie unter den f\u00fcr unser Unternehmen angegebenen Kontaktdaten geltend machen.<\/p>\n<h3 style=\"box-sizing: inherit; font-family: HeaderFont, 'Helvetica Neue', Helvetica, Roboto, Arial, sans-serif; text-rendering: optimizelegibility; margin-top: 0px; letter-spacing: -0.00357rem; margin-bottom: 0.35714rem; font-size: 1.42857rem; line-height: 1.09375; padding-top: 1.42857rem; color: #25282a;\"><span style=\"box-sizing: inherit; font-weight: bolder;\">4.3 Cookies<\/span><\/h3>\n<p style=\"box-sizing: inherit; font-size: 17.9999px; text-rendering: optimizelegibility; line-height: 1.47; margin-bottom: 1.42857rem; margin-top: 0px; color: #25282a; font-family: BodyFont, 'gilroy\/gilroy-medium', 'Helvetica Neue', Helvetica, Roboto, Arial, sans-serif;\">Unsere Website verwendet Cookies. Bei diesen handelt es sich um kleine Textdateien die auf Ihrem Ger\u00e4t gespeichert werden, um die Nutzung einer Website komfortabler zu machen. Das k\u00f6nnen Funktionen, wie das Speichern von Einstellungen oder die Ger\u00e4teerkennung eines Nutzers sein und erfolgt \u00fcber eine Cookie-ID. Cookies helfen uns bei der Gestaltung eines m\u00f6glichst benutzerfreundlichen und ma\u00dfgeschneiderten Online-Angebots f\u00fcr Sie als Webseitenbesucher. Wir setzen dabei sowohl eigene Cookies als auch Cookies von Drittanbietern ein.<\/p>\n<p style=\"box-sizing: inherit; font-size: 17.9999px; text-rendering: optimizelegibility; line-height: 1.47; margin-bottom: 1.42857rem; margin-top: 0px; color: #25282a; font-family: BodyFont, 'gilroy\/gilroy-medium', 'Helvetica Neue', Helvetica, Roboto, Arial, sans-serif;\">Sie haben jederzeit die M\u00f6glichkeit das Setzen dieser Cookies zu konfigurieren. So k\u00f6nnen Sie in Ihren Browsereinstellungen das Setzen von Cookies einschr\u00e4nken, g\u00e4nzlich verhindern oder die automatisierte L\u00f6schung von Cookies beim Schlie\u00dfen des Browserfensters veranlassen. Dar\u00fcber hinaus k\u00f6nnen Sie die Konfiguration der Cookies auch \u00fcber das PopUp-Fenster im unteren Seitenbereich einstellen. Bei den eingesetzten Cookies unterscheiden wir zwischen folgenden Kategorien:<\/p>\n<ul style=\"box-sizing: inherit; padding-left: 0px; margin-top: 0px; margin-bottom: 1.42857rem; color: #25282a; font-family: BodyFont, 'gilroy\/gilroy-medium', 'Helvetica Neue', Helvetica, Roboto, Arial, sans-serif; font-size: 17.9999px; background-color: #ffffff;\">\n<li style=\"box-sizing: inherit; margin: 0.71429rem 0px; padding-left: 0.85714rem; list-style: none;\">Technisch notwendige Cookies: Sind f\u00fcr eine reibungslose Funktion der Website erforderlich. Wir nutzen diese gem\u00e4\u00df Art. 6 Abs. 1 lit. c) DS-GVO.<\/li>\n<li style=\"box-sizing: inherit; margin: 0.71429rem 0px; padding-left: 0.85714rem; list-style: none;\">Cookies f\u00fcr Analyse: Messen die Reichweite unseres eigenen Angebots und dienen der Optimierung derselben gem\u00e4\u00df Art. 6 Abs. 1 lit. a) DS-GVO.<\/li>\n<li style=\"box-sizing: inherit; margin: 0.71429rem 0px; padding-left: 0.85714rem; list-style: none;\">Cookies f\u00fcr Marketingzwecke (aktuell nicht implementiert): Erm\u00f6glichen die Bewerbung unseres Angebots durch interessengerechte Werbung. Dieser Option muss zugestimmt werden und erfolgt gem\u00e4\u00df Art. 6 Abs. 1 lit. a) DS-GVO.<\/li>\n<\/ul>\t\t\t\t\t\t\t\t<\/div>\n\t\t\t\t<\/div>\n\t\t\t\t\t<\/div>\n\t\t<\/div>\n\t\t\t\t\t<\/div>\n\t\t<\/section>\n\t\t\t\t<\/div>","protected":false},"excerpt":{"rendered":"<p>Datenschutzerkl\u00e4rung Datenschutzerkl\u00e4rung Schwa-Medico Medizinische Apparate Vertriebsgesellschaft mbH Der Datenschutz ist uns wichtig und wir legen gro\u00dfen Wert auf den Schutz Ihrer Daten und die Wahrung Ihrer Privatsph\u00e4re. Nachfolgend m\u00f6chten wir Ihnen darstellen welche Daten wir wann, zu welchem Zweck und auf welcher Rechtsgrundlage verarbeiten. Entsprechend unseren Informationspflichten nach der Datenschutz-Grundverordnung (DS-GVO), dem Bundesdatenschutzgesetz (BDSG) und [&hellip;]<\/p>","protected":false},"author":1,"featured_media":0,"parent":0,"menu_order":900,"comment_status":"closed","ping_status":"closed","template":"elementor_header_footer","meta":{"footnotes":""},"class_list":["post-534","page","type-page","status-publish","hentry"],"_links":{"self":[{"href":"https:\/\/www.deftron.de\/en\/wp-json\/wp\/v2\/pages\/534","targetHints":{"allow":["GET"]}}],"collection":[{"href":"https:\/\/www.deftron.de\/en\/wp-json\/wp\/v2\/pages"}],"about":[{"href":"https:\/\/www.deftron.de\/en\/wp-json\/wp\/v2\/types\/page"}],"author":[{"embeddable":true,"href":"https:\/\/www.deftron.de\/en\/wp-json\/wp\/v2\/users\/1"}],"replies":[{"embeddable":true,"href":"https:\/\/www.deftron.de\/en\/wp-json\/wp\/v2\/comments?post=534"}],"version-history":[{"count":28,"href":"https:\/\/www.deftron.de\/en\/wp-json\/wp\/v2\/pages\/534\/revisions"}],"predecessor-version":[{"id":610,"href":"https:\/\/www.deftron.de\/en\/wp-json\/wp\/v2\/pages\/534\/revisions\/610"}],"wp:attachment":[{"href":"https:\/\/www.deftron.de\/en\/wp-json\/wp\/v2\/media?parent=534"}],"curies":[{"name":"wp","href":"https:\/\/api.w.org\/{rel}","templated":true}]}}